{"id":1446,"date":"2020-02-26T14:23:55","date_gmt":"2020-02-26T13:23:55","guid":{"rendered":"https:\/\/www.pro-nobis-eg.de\/?post_type=product&#038;p=1446"},"modified":"2020-12-03T17:03:39","modified_gmt":"2020-12-03T16:03:39","slug":"parallels-desktop-pro-edition-mac-1liz-1j","status":"publish","type":"product","link":"https:\/\/www.pro-nobis-eg.de\/?product=parallels-desktop-pro-edition-mac-1liz-1j","title":{"rendered":"Parallels Desktop Pro Edition Mac (1 Lizenz f\u00fcr 1 Jahr)"},"content":{"rendered":"<p><strong>Parallels Desktop f\u00fcr Mac Pro Edition<\/strong><\/p>\n<p>Parallels Desktop\u00ae f\u00fcr Mac Pro Edition \u2013 die einfachste, leistungsst\u00e4rkste Anwendung f\u00fcr Entwickler, Tester und erfahrene Power-User, die Windows\u00ae auf dem Mac\u00ae nutzen m\u00f6chten. Speziell angepasst f\u00fcr Benutzer, die die allerbeste Leistung und die erweiterten Funktionen bei der Nutzung von Nicht-Mac-Anwendungen auf dem Mac ben\u00f6tigen. Wechseln Sie m\u00fchelos zwischen Mac- und Windows-Anwendungen, starten Sie Windows-Anwendungen vom Mac Dock aus und verwenden Sie Mac-Gesten in Windows. Nutzen Sie die Touch Bar\u2122 in Windows sowie Copy &#038; Paste und Drag &#038; Drop zwischen Windows und Mac. Nutzen Sie beliebige Windows-Anwendungen in einer VM oder entwickeln und testen Sie Ihre Anwendung oder Website unter den verschiedensten Betriebssystemen. Beheben Sie Probleme mit dem Microsoft\u00ae Visual Studio-Plug-in oder dem Netzwerksimulator. <\/p>\n<p>Atemberaubende Leistung: Arbeiten Sie blitzschnell mit Visual Studio oder Microsoft Office. Nutzen Sie verschachtelte Virtualisierung und Debuggen von Gastbetriebssystemen oder Vagrant, Jenkins und andere Entwicklertools Ihrer Branche.<\/p>\n<p>Parallels Desktop l\u00e4uft auf macOS\u00ae High Sierra und unterst\u00fctzt eine Vielzahl von Betriebssystemen wie Windows 10, Ubuntu und andere Linux\u00ae-Distributionen sowie \u00e4ltere Windows- und Mac OS X\u00ae-Versionen. <\/p>\n<p>Der Installationsassistent optimiert die Einstellungen und Leistungen Ihrer VM f\u00fcr Ihre prim\u00e4re Nutzungsumgebung, z. B. Produktivit\u00e4t, Design, Entwicklung, Testen oder Spiele. Weisen Sie bis zu 32 vCPUs und 128 GB vRAM pro virtueller Maschine zu. Inklusive Premium-Support rund um die Uhr. Enth\u00e4lt 30+ Dienstprogramme, die allt\u00e4gliche Aufgaben vereinfachen: Laufwerke bereinigen, private Dateien sichern, Screenshots erstellen oder Videos herunterladen mit einem einzigen Klick. Parallels Desktop f\u00fcr Mac Pro Edition \u2013 seit mehr als 12 Jahren die Nr. 1 bei Mac-Nutzern.<\/p>\n","protected":false},"excerpt":{"rendered":"<p>Hypervisor Parallels Desktop for Mac Professional Edition (Lizenz\/Subskription f\u00fcr 1 Jahr)<\/p>\n","protected":false},"featured_media":1448,"template":"","meta":{"ocean_post_layout":"full-width","ocean_both_sidebars_style":"","ocean_both_sidebars_content_width":0,"ocean_both_sidebars_sidebars_width":0,"ocean_sidebar":"woo_sidebar","ocean_second_sidebar":"0","ocean_disable_margins":"enable","ocean_add_body_class":"","ocean_shortcode_before_top_bar":"","ocean_shortcode_after_top_bar":"","ocean_shortcode_before_header":"","ocean_shortcode_after_header":"","ocean_has_shortcode":"","ocean_shortcode_after_title":"","ocean_shortcode_before_footer_widgets":"","ocean_shortcode_after_footer_widgets":"","ocean_shortcode_before_footer_bottom":"","ocean_shortcode_after_footer_bottom":"","ocean_display_top_bar":"default","ocean_display_header":"default","ocean_header_style":"","ocean_center_header_left_menu":"0","ocean_custom_header_template":"0","ocean_custom_logo":0,"ocean_custom_retina_logo":0,"ocean_custom_logo_max_width":0,"ocean_custom_logo_tablet_max_width":0,"ocean_custom_logo_mobile_max_width":0,"ocean_custom_logo_max_height":0,"ocean_custom_logo_tablet_max_height":0,"ocean_custom_logo_mobile_max_height":0,"ocean_header_custom_menu":"0","ocean_menu_typo_font_family":"0","ocean_menu_typo_font_subset":"","ocean_menu_typo_font_size":0,"ocean_menu_typo_font_size_tablet":0,"ocean_menu_typo_font_size_mobile":0,"ocean_menu_typo_font_size_unit":"px","ocean_menu_typo_font_weight":"","ocean_menu_typo_font_weight_tablet":"","ocean_menu_typo_font_weight_mobile":"","ocean_menu_typo_transform":"","ocean_menu_typo_transform_tablet":"","ocean_menu_typo_transform_mobile":"","ocean_menu_typo_line_height":0,"ocean_menu_typo_line_height_tablet":0,"ocean_menu_typo_line_height_mobile":0,"ocean_menu_typo_line_height_unit":"","ocean_menu_typo_spacing":0,"ocean_menu_typo_spacing_tablet":0,"ocean_menu_typo_spacing_mobile":0,"ocean_menu_typo_spacing_unit":"","ocean_menu_link_color":"","ocean_menu_link_color_hover":"","ocean_menu_link_color_active":"","ocean_menu_link_background":"","ocean_menu_link_hover_background":"","ocean_menu_link_active_background":"","ocean_menu_social_links_bg":"","ocean_menu_social_hover_links_bg":"","ocean_menu_social_links_color":"","ocean_menu_social_hover_links_color":"","ocean_disable_title":"on","ocean_disable_heading":"default","ocean_post_title":"","ocean_post_subheading":"","ocean_post_title_style":"","ocean_post_title_background_color":"","ocean_post_title_background":0,"ocean_post_title_bg_image_position":"","ocean_post_title_bg_image_attachment":"","ocean_post_title_bg_image_repeat":"","ocean_post_title_bg_image_size":"","ocean_post_title_height":0,"ocean_post_title_bg_overlay":0.5,"ocean_post_title_bg_overlay_color":"","ocean_disable_breadcrumbs":"default","ocean_breadcrumbs_color":"","ocean_breadcrumbs_separator_color":"","ocean_breadcrumbs_links_color":"","ocean_breadcrumbs_links_hover_color":"","ocean_display_footer_widgets":"default","ocean_display_footer_bottom":"default","ocean_custom_footer_template":"0"},"product_brand":[],"product_cat":[21],"product_tag":[],"class_list":{"0":"post-1446","1":"product","2":"type-product","3":"status-publish","4":"has-post-thumbnail","6":"product_cat-shop-it","7":"product_shipping_class-versand-virtuell","9":"entry","10":"has-media","12":"first","13":"instock","14":"sale","15":"virtual","16":"taxable","17":"purchasable","18":"product-type-simple","19":"has-product-nav","20":"col","21":"span_1_of_3","22":"owp-content-center","23":"owp-thumbs-layout-horizontal","24":"owp-btn-normal","25":"owp-tabs-layout-horizontal","26":"has-no-thumbnails"},"jetpack_sharing_enabled":true,"_links":{"self":[{"href":"https:\/\/www.pro-nobis-eg.de\/index.php?rest_route=\/wp\/v2\/product\/1446","targetHints":{"allow":["GET"]}}],"collection":[{"href":"https:\/\/www.pro-nobis-eg.de\/index.php?rest_route=\/wp\/v2\/product"}],"about":[{"href":"https:\/\/www.pro-nobis-eg.de\/index.php?rest_route=\/wp\/v2\/types\/product"}],"wp:featuredmedia":[{"embeddable":true,"href":"https:\/\/www.pro-nobis-eg.de\/index.php?rest_route=\/wp\/v2\/media\/1448"}],"wp:attachment":[{"href":"https:\/\/www.pro-nobis-eg.de\/index.php?rest_route=%2Fwp%2Fv2%2Fmedia&parent=1446"}],"wp:term":[{"taxonomy":"product_brand","embeddable":true,"href":"https:\/\/www.pro-nobis-eg.de\/index.php?rest_route=%2Fwp%2Fv2%2Fproduct_brand&post=1446"},{"taxonomy":"product_cat","embeddable":true,"href":"https:\/\/www.pro-nobis-eg.de\/index.php?rest_route=%2Fwp%2Fv2%2Fproduct_cat&post=1446"},{"taxonomy":"product_tag","embeddable":true,"href":"https:\/\/www.pro-nobis-eg.de\/index.php?rest_route=%2Fwp%2Fv2%2Fproduct_tag&post=1446"}],"curies":[{"name":"wp","href":"https:\/\/api.w.org\/{rel}","templated":true}]}}