{"id":1478,"date":"2020-02-27T12:53:48","date_gmt":"2020-02-27T11:53:48","guid":{"rendered":"https:\/\/www.pro-nobis-eg.de\/?post_type=product&#038;p=1478"},"modified":"2020-12-03T17:03:39","modified_gmt":"2020-12-03T16:03:39","slug":"microsoft-windows-10-pro-32-64bit-esd-lizenzschluessel","status":"publish","type":"product","link":"https:\/\/www.pro-nobis-eg.de\/?product=microsoft-windows-10-pro-32-64bit-esd-lizenzschluessel","title":{"rendered":"Microsoft Windows 10 Pro 32\/64BIT ESD (Lizenzschl\u00fcssel)"},"content":{"rendered":"<p><strong>Windows 10 Pro COEM Vollversion<\/strong><\/p>\n<p>Windows 10 Pro COEM Vollversion dient in erster Linie zur Vorinstallation auf neuen Computern des OEM-Partners, darf aber auch separat \u2013 also ohne PC \u2013 verkauft werden. Dar\u00fcber hinaus umfasst die Lizenz Downgrade-Rechte. Windows 10 Pro deckt alle Funktionen von Windows 10 Home ab und bietet eine Vielzahl weiterf\u00fchrender Extras, die diese Edition f\u00fcr ambitionierte Privatanwender und Unternehmen interessant macht.<\/p>\n<p>Windows 10 Pro ist neu und dennoch vertraut, einfach zu bedienen und bietet eine Vielzahl neuer Funktionen, die es Ihnen erleichtern, den \u00dcberblick zu behalten, effektiv zu sein und die t\u00e4glich anfallenden Aufgaben zu erledigen. Windows 10 Pro umfasst den gleichen Funktionsumfang wie Windows 10 Home, bietet allerdings einige zus\u00e4tzliche Ausstattungsmerkmale, die insbesondere f\u00fcr ambitionierte Privatanwender und Unternehmen interessant sind. Dazu geh\u00f6ren unter anderem Dom\u00e4nenanschluss, Datenverschl\u00fcsselung, Remotedesktopverbindungen und das Arbeiten mit virtuellen Maschinen. Bitte beachten: Windows 10 Pro COEM dient als Basislizenz f\u00fcr Volumenlizenzvertr\u00e4ge.<\/p>\n<p>\u2022 Alle Funktionen, Ausstattungsmerkmale und Apps von Windows 10 Home plus:<br \/>\n\u2022 Dom\u00e4nenanschluss: Sie k\u00f6nnen eine Verbindung zu einem dom\u00e4nenbasierten Netzwerk oder Azure Active Directory herstellen.<br \/>\n\u2022 Erweiterte Verschl\u00fcsselung: Verschl\u00fcsseln Sie Ihre Daten mit BitLocker1 und profitieren Sie von den erweiterten Sicherheitseinstellungen.<br \/>\n\u2022 Ihre Apps im Store2: Windows 10 gestattet es Ihnen, Ihre ganz private App-Rubrik im Store anzulegen, um schnell auf die unternehmenseigenen Apps zugreifen zu k\u00f6nnen.<br \/>\n\u2022 Virtuelle Maschinen3: Hyper-V erm\u00f6glicht es Ihnen, virtuelle Maschinen anzulegen, sodass Sie auf Ihrem PC mehrere Betriebssysteme gleichzeitig nutzen k\u00f6nnen.<br \/>\n\u2022 Current Branch for Business: Sie k\u00f6nnen selbst entscheiden, wann zur Verf\u00fcgung stehende Updates eingespielt werden.<\/p>\n<p>System<br \/>\n\u2022 Prozessor: 1 Gigahertz (GHz) oder schneller<br \/>\n\u2022 RAM: 1 Gigabyte (GB) (32-Bit) oder 2 GB (64-Bit)<br \/>\n\u2022 Festplattenspeicher: Bis zu 20 GB<br \/>\n\u2022 Grafikkarte: Microsoft DirectX 9-Grafikkarte mit WDDM-Treiber<\/p>\n","protected":false},"excerpt":{"rendered":"<p>Microsoft Windows 10 Professional 32\/64 Bit ESD OEM Software Lizenz<\/p>\n","protected":false},"featured_media":1479,"template":"","meta":{"ocean_post_layout":"full-width","ocean_both_sidebars_style":"","ocean_both_sidebars_content_width":0,"ocean_both_sidebars_sidebars_width":0,"ocean_sidebar":"0","ocean_second_sidebar":"0","ocean_disable_margins":"enable","ocean_add_body_class":"","ocean_shortcode_before_top_bar":"","ocean_shortcode_after_top_bar":"","ocean_shortcode_before_header":"","ocean_shortcode_after_header":"","ocean_has_shortcode":"","ocean_shortcode_after_title":"","ocean_shortcode_before_footer_widgets":"","ocean_shortcode_after_footer_widgets":"","ocean_shortcode_before_footer_bottom":"","ocean_shortcode_after_footer_bottom":"","ocean_display_top_bar":"default","ocean_display_header":"default","ocean_header_style":"","ocean_center_header_left_menu":"0","ocean_custom_header_template":"0","ocean_custom_logo":0,"ocean_custom_retina_logo":0,"ocean_custom_logo_max_width":0,"ocean_custom_logo_tablet_max_width":0,"ocean_custom_logo_mobile_max_width":0,"ocean_custom_logo_max_height":0,"ocean_custom_logo_tablet_max_height":0,"ocean_custom_logo_mobile_max_height":0,"ocean_header_custom_menu":"0","ocean_menu_typo_font_family":"0","ocean_menu_typo_font_subset":"","ocean_menu_typo_font_size":0,"ocean_menu_typo_font_size_tablet":0,"ocean_menu_typo_font_size_mobile":0,"ocean_menu_typo_font_size_unit":"px","ocean_menu_typo_font_weight":"","ocean_menu_typo_font_weight_tablet":"","ocean_menu_typo_font_weight_mobile":"","ocean_menu_typo_transform":"","ocean_menu_typo_transform_tablet":"","ocean_menu_typo_transform_mobile":"","ocean_menu_typo_line_height":0,"ocean_menu_typo_line_height_tablet":0,"ocean_menu_typo_line_height_mobile":0,"ocean_menu_typo_line_height_unit":"","ocean_menu_typo_spacing":0,"ocean_menu_typo_spacing_tablet":0,"ocean_menu_typo_spacing_mobile":0,"ocean_menu_typo_spacing_unit":"","ocean_menu_link_color":"","ocean_menu_link_color_hover":"","ocean_menu_link_color_active":"","ocean_menu_link_background":"","ocean_menu_link_hover_background":"","ocean_menu_link_active_background":"","ocean_menu_social_links_bg":"","ocean_menu_social_hover_links_bg":"","ocean_menu_social_links_color":"","ocean_menu_social_hover_links_color":"","ocean_disable_title":"on","ocean_disable_heading":"default","ocean_post_title":"","ocean_post_subheading":"","ocean_post_title_style":"","ocean_post_title_background_color":"","ocean_post_title_background":0,"ocean_post_title_bg_image_position":"","ocean_post_title_bg_image_attachment":"","ocean_post_title_bg_image_repeat":"","ocean_post_title_bg_image_size":"","ocean_post_title_height":0,"ocean_post_title_bg_overlay":0.5,"ocean_post_title_bg_overlay_color":"","ocean_disable_breadcrumbs":"default","ocean_breadcrumbs_color":"","ocean_breadcrumbs_separator_color":"","ocean_breadcrumbs_links_color":"","ocean_breadcrumbs_links_hover_color":"","ocean_display_footer_widgets":"default","ocean_display_footer_bottom":"default","ocean_custom_footer_template":"0"},"product_brand":[],"product_cat":[21],"product_tag":[],"class_list":{"0":"post-1478","1":"product","2":"type-product","3":"status-publish","4":"has-post-thumbnail","6":"product_cat-shop-it","7":"product_shipping_class-versand-virtuell","9":"entry","10":"has-media","12":"first","13":"instock","14":"virtual","15":"taxable","16":"purchasable","17":"product-type-simple","18":"has-product-nav","19":"col","20":"span_1_of_3","21":"owp-content-center","22":"owp-thumbs-layout-horizontal","23":"owp-btn-normal","24":"owp-tabs-layout-horizontal","25":"has-no-thumbnails"},"jetpack_sharing_enabled":true,"_links":{"self":[{"href":"https:\/\/www.pro-nobis-eg.de\/index.php?rest_route=\/wp\/v2\/product\/1478","targetHints":{"allow":["GET"]}}],"collection":[{"href":"https:\/\/www.pro-nobis-eg.de\/index.php?rest_route=\/wp\/v2\/product"}],"about":[{"href":"https:\/\/www.pro-nobis-eg.de\/index.php?rest_route=\/wp\/v2\/types\/product"}],"wp:featuredmedia":[{"embeddable":true,"href":"https:\/\/www.pro-nobis-eg.de\/index.php?rest_route=\/wp\/v2\/media\/1479"}],"wp:attachment":[{"href":"https:\/\/www.pro-nobis-eg.de\/index.php?rest_route=%2Fwp%2Fv2%2Fmedia&parent=1478"}],"wp:term":[{"taxonomy":"product_brand","embeddable":true,"href":"https:\/\/www.pro-nobis-eg.de\/index.php?rest_route=%2Fwp%2Fv2%2Fproduct_brand&post=1478"},{"taxonomy":"product_cat","embeddable":true,"href":"https:\/\/www.pro-nobis-eg.de\/index.php?rest_route=%2Fwp%2Fv2%2Fproduct_cat&post=1478"},{"taxonomy":"product_tag","embeddable":true,"href":"https:\/\/www.pro-nobis-eg.de\/index.php?rest_route=%2Fwp%2Fv2%2Fproduct_tag&post=1478"}],"curies":[{"name":"wp","href":"https:\/\/api.w.org\/{rel}","templated":true}]}}