{"id":1746,"date":"2020-09-05T14:38:09","date_gmt":"2020-09-05T12:38:09","guid":{"rendered":"https:\/\/www.pro-nobis-eg.de\/?post_type=product&#038;p=1746"},"modified":"2020-12-05T08:28:43","modified_gmt":"2020-12-05T07:28:43","slug":"foerdermitgliedsbeitrag-pro-vita-nature-e-v","status":"publish","type":"product","link":"https:\/\/www.pro-nobis-eg.de\/?product=foerdermitgliedsbeitrag-pro-vita-nature-e-v","title":{"rendered":"F\u00f6rdermitgliedsbeitrag &#8211; Pro Vita Nature e.V."},"content":{"rendered":"<p>Werden F\u00f6rdermitglied, unterst\u00fctzen Sie den Pro Vita Nature e.V. als F\u00f6rdermitglied.<br \/>\nAls F\u00f6rdermitglied k\u00f6nnen Sie alle Angebote des Vereins Nutzen und Erwerben.<br \/>\nAnders als ein Vollmitglied zahlen Sie keinen regelm\u00e4ssigen Mitgliedsbeitrag und haben kein Stimmrecht im Verein.<br \/>\nSie m\u00f6chten mehr \u00fcber die Vorteile einer Vollmitgliedschaft erfahren?<br \/>\nBesuchen Sie uns im <a href=\"https:\/\/www.pro-nobis-eg.de\/?page_id=51\" rel=\"noopener noreferrer\" target=\"_blank\">Vereinshaus &#8211; Gr\u00fcner Topf<\/a>.<\/p>\n","protected":false},"excerpt":{"rendered":"<p>Werden F\u00f6rdermitglied, unterst\u00fctzen Sie den Pro Vita Nature e.V. als F\u00f6rdermitglied. Als F\u00f6rdermitglied k\u00f6nnen Sie alle Angebote des Vereins Nutzen und Erwerben. Anders als ein Vollmitglied zahlen Sie keinen regelm\u00e4ssigen Mitgliedsbeitrag und haben kein Stimmrecht im Verein. Sie m\u00f6chten mehr \u00fcber die Vorteile einer Vollmitgliedschaft erfahren? Besuchen Sie uns im Vereinshaus &#8211; Gr\u00fcner Topf.<\/p>\n","protected":false},"featured_media":692,"template":"","meta":{"ocean_post_layout":"full-width","ocean_both_sidebars_style":"","ocean_both_sidebars_content_width":0,"ocean_both_sidebars_sidebars_width":0,"ocean_sidebar":"0","ocean_second_sidebar":"0","ocean_disable_margins":"enable","ocean_add_body_class":"","ocean_shortcode_before_top_bar":"","ocean_shortcode_after_top_bar":"","ocean_shortcode_before_header":"","ocean_shortcode_after_header":"","ocean_has_shortcode":"","ocean_shortcode_after_title":"","ocean_shortcode_before_footer_widgets":"","ocean_shortcode_after_footer_widgets":"","ocean_shortcode_before_footer_bottom":"","ocean_shortcode_after_footer_bottom":"","ocean_display_top_bar":"default","ocean_display_header":"default","ocean_header_style":"","ocean_center_header_left_menu":"0","ocean_custom_header_template":"0","ocean_custom_logo":0,"ocean_custom_retina_logo":0,"ocean_custom_logo_max_width":0,"ocean_custom_logo_tablet_max_width":0,"ocean_custom_logo_mobile_max_width":0,"ocean_custom_logo_max_height":0,"ocean_custom_logo_tablet_max_height":0,"ocean_custom_logo_mobile_max_height":0,"ocean_header_custom_menu":"0","ocean_menu_typo_font_family":"0","ocean_menu_typo_font_subset":"","ocean_menu_typo_font_size":0,"ocean_menu_typo_font_size_tablet":0,"ocean_menu_typo_font_size_mobile":0,"ocean_menu_typo_font_size_unit":"px","ocean_menu_typo_font_weight":"","ocean_menu_typo_font_weight_tablet":"","ocean_menu_typo_font_weight_mobile":"","ocean_menu_typo_transform":"","ocean_menu_typo_transform_tablet":"","ocean_menu_typo_transform_mobile":"","ocean_menu_typo_line_height":0,"ocean_menu_typo_line_height_tablet":0,"ocean_menu_typo_line_height_mobile":0,"ocean_menu_typo_line_height_unit":"","ocean_menu_typo_spacing":0,"ocean_menu_typo_spacing_tablet":0,"ocean_menu_typo_spacing_mobile":0,"ocean_menu_typo_spacing_unit":"","ocean_menu_link_color":"","ocean_menu_link_color_hover":"","ocean_menu_link_color_active":"","ocean_menu_link_background":"","ocean_menu_link_hover_background":"","ocean_menu_link_active_background":"","ocean_menu_social_links_bg":"","ocean_menu_social_hover_links_bg":"","ocean_menu_social_links_color":"","ocean_menu_social_hover_links_color":"","ocean_disable_title":"default","ocean_disable_heading":"default","ocean_post_title":"","ocean_post_subheading":"","ocean_post_title_style":"","ocean_post_title_background_color":"","ocean_post_title_background":0,"ocean_post_title_bg_image_position":"","ocean_post_title_bg_image_attachment":"","ocean_post_title_bg_image_repeat":"","ocean_post_title_bg_image_size":"","ocean_post_title_height":0,"ocean_post_title_bg_overlay":0.5,"ocean_post_title_bg_overlay_color":"","ocean_disable_breadcrumbs":"default","ocean_breadcrumbs_color":"","ocean_breadcrumbs_separator_color":"","ocean_breadcrumbs_links_color":"","ocean_breadcrumbs_links_hover_color":"","ocean_display_footer_widgets":"default","ocean_display_footer_bottom":"default","ocean_custom_footer_template":"0"},"product_brand":[],"product_cat":[20,31],"product_tag":[33],"class_list":{"0":"post-1746","1":"product","2":"type-product","3":"status-publish","4":"has-post-thumbnail","6":"product_cat-shop-pro-vita-nature","7":"product_cat-shop-gruener-topf-sonstiges","8":"product_tag-provitanature","10":"entry","11":"has-media","13":"first","14":"instock","15":"virtual","16":"purchasable","17":"product-type-simple","18":"has-product-nav","19":"col","20":"span_1_of_3","21":"owp-content-center","22":"owp-thumbs-layout-horizontal","23":"owp-btn-normal","24":"owp-tabs-layout-horizontal","25":"has-no-thumbnails"},"jetpack_sharing_enabled":true,"_links":{"self":[{"href":"https:\/\/www.pro-nobis-eg.de\/index.php?rest_route=\/wp\/v2\/product\/1746","targetHints":{"allow":["GET"]}}],"collection":[{"href":"https:\/\/www.pro-nobis-eg.de\/index.php?rest_route=\/wp\/v2\/product"}],"about":[{"href":"https:\/\/www.pro-nobis-eg.de\/index.php?rest_route=\/wp\/v2\/types\/product"}],"wp:featuredmedia":[{"embeddable":true,"href":"https:\/\/www.pro-nobis-eg.de\/index.php?rest_route=\/wp\/v2\/media\/692"}],"wp:attachment":[{"href":"https:\/\/www.pro-nobis-eg.de\/index.php?rest_route=%2Fwp%2Fv2%2Fmedia&parent=1746"}],"wp:term":[{"taxonomy":"product_brand","embeddable":true,"href":"https:\/\/www.pro-nobis-eg.de\/index.php?rest_route=%2Fwp%2Fv2%2Fproduct_brand&post=1746"},{"taxonomy":"product_cat","embeddable":true,"href":"https:\/\/www.pro-nobis-eg.de\/index.php?rest_route=%2Fwp%2Fv2%2Fproduct_cat&post=1746"},{"taxonomy":"product_tag","embeddable":true,"href":"https:\/\/www.pro-nobis-eg.de\/index.php?rest_route=%2Fwp%2Fv2%2Fproduct_tag&post=1746"}],"curies":[{"name":"wp","href":"https:\/\/api.w.org\/{rel}","templated":true}]}}