{"id":2041,"date":"2020-11-08T17:08:07","date_gmt":"2020-11-08T16:08:07","guid":{"rendered":"https:\/\/www.pro-nobis-eg.de\/?post_type=product&#038;p=2041"},"modified":"2024-11-06T09:41:14","modified_gmt":"2024-11-06T08:41:14","slug":"gluehweinzucker","status":"publish","type":"product","link":"https:\/\/www.pro-nobis-eg.de\/?product=gluehweinzucker","title":{"rendered":"Gl\u00fchweinzucker"},"content":{"rendered":"<p>Einfach ein Teel\u00f6ffel in heissen (nicht kochen) Apfelsaft oder Rotwein geben. Ros\u00e9weine passt auch sehr gut.<\/p>\n<p>Zutaten:<br \/>\n&#8211; Vanillezucker<br \/>\n&#8211; Bio Zimt<br \/>\n&#8211; Bio Nelkenpulver<br \/>\n&#8211; Bio Orangenschale<br \/>\n&#8211; Bio Anis<br \/>\n&#8211; Bio Brauner Rohrzucker <\/p>\n","protected":false},"excerpt":{"rendered":"<p>Ist es drau\u00dfen kalt und nass, hilft ein heisses Gl\u00fchweinglas.<\/p>\n","protected":false},"featured_media":2042,"template":"","meta":{"ocean_post_layout":"full-width","ocean_both_sidebars_style":"","ocean_both_sidebars_content_width":0,"ocean_both_sidebars_sidebars_width":0,"ocean_sidebar":"0","ocean_second_sidebar":"0","ocean_disable_margins":"enable","ocean_add_body_class":"","ocean_shortcode_before_top_bar":"","ocean_shortcode_after_top_bar":"","ocean_shortcode_before_header":"","ocean_shortcode_after_header":"","ocean_has_shortcode":"","ocean_shortcode_after_title":"","ocean_shortcode_before_footer_widgets":"","ocean_shortcode_after_footer_widgets":"","ocean_shortcode_before_footer_bottom":"","ocean_shortcode_after_footer_bottom":"","ocean_display_top_bar":"default","ocean_display_header":"default","ocean_header_style":"","ocean_center_header_left_menu":"0","ocean_custom_header_template":"0","ocean_custom_logo":0,"ocean_custom_retina_logo":0,"ocean_custom_logo_max_width":0,"ocean_custom_logo_tablet_max_width":0,"ocean_custom_logo_mobile_max_width":0,"ocean_custom_logo_max_height":0,"ocean_custom_logo_tablet_max_height":0,"ocean_custom_logo_mobile_max_height":0,"ocean_header_custom_menu":"0","ocean_menu_typo_font_family":"0","ocean_menu_typo_font_subset":"","ocean_menu_typo_font_size":0,"ocean_menu_typo_font_size_tablet":0,"ocean_menu_typo_font_size_mobile":0,"ocean_menu_typo_font_size_unit":"px","ocean_menu_typo_font_weight":"","ocean_menu_typo_font_weight_tablet":"","ocean_menu_typo_font_weight_mobile":"","ocean_menu_typo_transform":"","ocean_menu_typo_transform_tablet":"","ocean_menu_typo_transform_mobile":"","ocean_menu_typo_line_height":0,"ocean_menu_typo_line_height_tablet":0,"ocean_menu_typo_line_height_mobile":0,"ocean_menu_typo_line_height_unit":"","ocean_menu_typo_spacing":0,"ocean_menu_typo_spacing_tablet":0,"ocean_menu_typo_spacing_mobile":0,"ocean_menu_typo_spacing_unit":"","ocean_menu_link_color":"","ocean_menu_link_color_hover":"","ocean_menu_link_color_active":"","ocean_menu_link_background":"","ocean_menu_link_hover_background":"","ocean_menu_link_active_background":"","ocean_menu_social_links_bg":"","ocean_menu_social_hover_links_bg":"","ocean_menu_social_links_color":"","ocean_menu_social_hover_links_color":"","ocean_disable_title":"default","ocean_disable_heading":"default","ocean_post_title":"","ocean_post_subheading":"","ocean_post_title_style":"","ocean_post_title_background_color":"","ocean_post_title_background":0,"ocean_post_title_bg_image_position":"","ocean_post_title_bg_image_attachment":"","ocean_post_title_bg_image_repeat":"","ocean_post_title_bg_image_size":"","ocean_post_title_height":0,"ocean_post_title_bg_overlay":0.5,"ocean_post_title_bg_overlay_color":"","ocean_disable_breadcrumbs":"default","ocean_breadcrumbs_color":"","ocean_breadcrumbs_separator_color":"","ocean_breadcrumbs_links_color":"","ocean_breadcrumbs_links_hover_color":"","ocean_display_footer_widgets":"default","ocean_display_footer_bottom":"default","ocean_custom_footer_template":"0"},"product_brand":[],"product_cat":[20,37],"product_tag":[33],"class_list":{"0":"post-2041","1":"product","2":"type-product","3":"status-publish","4":"has-post-thumbnail","6":"product_cat-shop-pro-vita-nature","7":"product_cat-shop-gruener-topf-weihnachten","8":"product_tag-provitanature","10":"entry","11":"has-media","13":"first","14":"instock","15":"purchasable","16":"product-type-simple","17":"has-product-nav","18":"col","19":"span_1_of_3","20":"owp-content-center","21":"owp-thumbs-layout-horizontal","22":"owp-btn-normal","23":"owp-tabs-layout-horizontal","24":"has-no-thumbnails"},"jetpack_sharing_enabled":true,"_links":{"self":[{"href":"https:\/\/www.pro-nobis-eg.de\/index.php?rest_route=\/wp\/v2\/product\/2041","targetHints":{"allow":["GET"]}}],"collection":[{"href":"https:\/\/www.pro-nobis-eg.de\/index.php?rest_route=\/wp\/v2\/product"}],"about":[{"href":"https:\/\/www.pro-nobis-eg.de\/index.php?rest_route=\/wp\/v2\/types\/product"}],"wp:featuredmedia":[{"embeddable":true,"href":"https:\/\/www.pro-nobis-eg.de\/index.php?rest_route=\/wp\/v2\/media\/2042"}],"wp:attachment":[{"href":"https:\/\/www.pro-nobis-eg.de\/index.php?rest_route=%2Fwp%2Fv2%2Fmedia&parent=2041"}],"wp:term":[{"taxonomy":"product_brand","embeddable":true,"href":"https:\/\/www.pro-nobis-eg.de\/index.php?rest_route=%2Fwp%2Fv2%2Fproduct_brand&post=2041"},{"taxonomy":"product_cat","embeddable":true,"href":"https:\/\/www.pro-nobis-eg.de\/index.php?rest_route=%2Fwp%2Fv2%2Fproduct_cat&post=2041"},{"taxonomy":"product_tag","embeddable":true,"href":"https:\/\/www.pro-nobis-eg.de\/index.php?rest_route=%2Fwp%2Fv2%2Fproduct_tag&post=2041"}],"curies":[{"name":"wp","href":"https:\/\/api.w.org\/{rel}","templated":true}]}}